{"id":4267,"date":"2023-05-25T09:49:24","date_gmt":"2023-05-25T13:49:24","guid":{"rendered":"https:\/\/fondationhopitalsainteustache.com\/foire-aux-questions\/"},"modified":"2026-01-15T15:56:48","modified_gmt":"2026-01-15T20:56:48","slug":"foire-aux-questions","status":"publish","type":"page","link":"https:\/\/fondationhopitalsainteustache.com\/en\/foire-aux-questions\/","title":{"rendered":"Foire aux questions"},"content":{"rendered":"<div id=\"block_c98f390b7c0edd9881011a70f0116a15\" class=\"accordeon\">\n  <div class=\"container grid\">\n    <h2 class=\"text-light-primary\"><\/h2>\n\n    <div class=\"grid-container\">\n              <div class=\"single-accordeon\">\n          \n          <details>\n            <summary><h3 class=\"text-tertiary\">Comment puis-je m&#8217;inscrire \u00e0 votre liste d&#8217;envoi de publications ou de publipostages?<\/h3><\/summary>\n            <p>Pour recevoir des nouvelles de la Fondation, abonnez-vous \u00e0 notre infolettre en cliquant <a href=\"https:\/\/www.jedonneenligne.org\/fhse\/INFOLETTRE\/\">ici<\/a>.<\/p>\n<p>&nbsp;<\/p>\n<p>&nbsp;<\/p>\n          <\/details>\n        <\/div>\n              <div class=\"single-accordeon\">\n          \n          <details>\n            <summary><h3 class=\"text-tertiary\">\u00c0 quel moment recevrai-je un re\u00e7u fiscal?<\/h3><\/summary>\n            <div class=\"faq-accordion-container\">\n<div id=\"ui-accordion-1-panel-1\" class=\"faq-ac-content ui-accordion-content ui-helper-reset ui-widget-content ui-corner-bottom ui-accordion-content-active\" role=\"tabpanel\" aria-labelledby=\"ui-accordion-1-header-1\" aria-hidden=\"false\">\n<p><b>Don en ligne: <\/b> 2 semaines ouvrables<\/p>\n<p><strong>Don en ch\u00e8que ou en argent: <\/strong>2 \u00e0 4 semaines ouvrables<\/p>\n<\/div>\n<\/div>\n          <\/details>\n        <\/div>\n              <div class=\"single-accordeon\">\n          \n          <details>\n            <summary><h3 class=\"text-tertiary\">Est-ce que tous les dons sont d\u00e9ductibles d&#8217;imp\u00f4ts?<\/h3><\/summary>\n            <p>Nous vous invitons \u00e0 communiquer avec nous par courriel au fondation.hse@ssss.gouv.qc.ca ou par t\u00e9l\u00e9phone au 450 974-8229 pour toutes questions relatives aux d\u00e9ductions d&#8217;imp\u00f4ts.<\/p>\n          <\/details>\n        <\/div>\n              <div class=\"single-accordeon\">\n          \n          <details>\n            <summary><h3 class=\"text-tertiary\">Quel est le num\u00e9ro d&#8217;enregistrement de la Fondation H\u00f4pital Saint-Eustache?<\/h3><\/summary>\n            <p><strong>No organisme de bienfaisance :<\/strong><br \/>\n10183 5445 RR0001<\/p>\n          <\/details>\n        <\/div>\n          <\/div>\n  <\/div>\n<\/div>\n\n\n\n\n<div class=\"wp-block-buttons is-layout-flex wp-block-buttons-is-layout-flex\"><\/div>\n","protected":false},"excerpt":{"rendered":"","protected":false},"author":1,"featured_media":0,"parent":0,"menu_order":0,"comment_status":"closed","ping_status":"closed","template":"","meta":{"_acf_changed":false,"inline_featured_image":false,"footnotes":""},"class_list":["post-4267","page","type-page","status-publish","hentry"],"acf":[],"yoast_head":"<!-- This site is optimized with the Yoast SEO plugin v26.0 - https:\/\/yoast.com\/wordpress\/plugins\/seo\/ -->\n<title>Foire aux questions | Fondation Hopital Saint-Eustache<\/title>\n<meta name=\"robots\" content=\"index, follow, max-snippet:-1, max-image-preview:large, max-video-preview:-1\" \/>\n<link rel=\"canonical\" href=\"https:\/\/fondationhopitalsainteustache.com\/en\/foire-aux-questions\/\" \/>\n<meta property=\"og:locale\" content=\"en_US\" \/>\n<meta property=\"og:type\" content=\"article\" \/>\n<meta property=\"og:title\" content=\"Foire aux questions | Fondation Hopital Saint-Eustache\" \/>\n<meta property=\"og:url\" content=\"https:\/\/fondationhopitalsainteustache.com\/en\/foire-aux-questions\/\" \/>\n<meta property=\"og:site_name\" content=\"Fondation Hopital Saint-Eustache\" \/>\n<meta property=\"article:modified_time\" content=\"2026-01-15T20:56:48+00:00\" \/>\n<meta property=\"og:image\" content=\"https:\/\/fondationhopitalsainteustache.com\/wp-content\/uploads\/2022\/02\/Linked-in-Cover-FHSE-1.png\" \/>\n\t<meta property=\"og:image:width\" content=\"520\" \/>\n\t<meta property=\"og:image:height\" content=\"272\" \/>\n\t<meta property=\"og:image:type\" content=\"image\/png\" \/>\n<meta name=\"twitter:card\" content=\"summary_large_image\" \/>\n<script type=\"application\/ld+json\" class=\"yoast-schema-graph\">{\"@context\":\"https:\/\/schema.org\",\"@graph\":[{\"@type\":\"WebPage\",\"@id\":\"https:\/\/fondationhopitalsainteustache.com\/en\/foire-aux-questions\/\",\"url\":\"https:\/\/fondationhopitalsainteustache.com\/en\/foire-aux-questions\/\",\"name\":\"Foire aux questions | Fondation Hopital Saint-Eustache\",\"isPartOf\":{\"@id\":\"https:\/\/fondationhopitalsainteustache.com\/#website\"},\"datePublished\":\"2023-05-25T13:49:24+00:00\",\"dateModified\":\"2026-01-15T20:56:48+00:00\",\"breadcrumb\":{\"@id\":\"https:\/\/fondationhopitalsainteustache.com\/en\/foire-aux-questions\/#breadcrumb\"},\"inLanguage\":\"en-US\",\"potentialAction\":[{\"@type\":\"ReadAction\",\"target\":[\"https:\/\/fondationhopitalsainteustache.com\/en\/foire-aux-questions\/\"]}]},{\"@type\":\"BreadcrumbList\",\"@id\":\"https:\/\/fondationhopitalsainteustache.com\/en\/foire-aux-questions\/#breadcrumb\",\"itemListElement\":[{\"@type\":\"ListItem\",\"position\":1,\"name\":\"Home\",\"item\":\"https:\/\/fondationhopitalsainteustache.com\/en\/\"},{\"@type\":\"ListItem\",\"position\":2,\"name\":\"Foire aux questions\"}]},{\"@type\":\"WebSite\",\"@id\":\"https:\/\/fondationhopitalsainteustache.com\/#website\",\"url\":\"https:\/\/fondationhopitalsainteustache.com\/\",\"name\":\"Fondation Hopital Saint-Eustache\",\"description\":\"\",\"potentialAction\":[{\"@type\":\"SearchAction\",\"target\":{\"@type\":\"EntryPoint\",\"urlTemplate\":\"https:\/\/fondationhopitalsainteustache.com\/?s={search_term_string}\"},\"query-input\":{\"@type\":\"PropertyValueSpecification\",\"valueRequired\":true,\"valueName\":\"search_term_string\"}}],\"inLanguage\":\"en-US\"}]}<\/script>\n<!-- \/ Yoast SEO plugin. -->","yoast_head_json":{"title":"Foire aux questions | Fondation Hopital Saint-Eustache","robots":{"index":"index","follow":"follow","max-snippet":"max-snippet:-1","max-image-preview":"max-image-preview:large","max-video-preview":"max-video-preview:-1"},"canonical":"https:\/\/fondationhopitalsainteustache.com\/en\/foire-aux-questions\/","og_locale":"en_US","og_type":"article","og_title":"Foire aux questions | Fondation Hopital Saint-Eustache","og_url":"https:\/\/fondationhopitalsainteustache.com\/en\/foire-aux-questions\/","og_site_name":"Fondation Hopital Saint-Eustache","article_modified_time":"2026-01-15T20:56:48+00:00","og_image":[{"width":520,"height":272,"url":"https:\/\/fondationhopitalsainteustache.com\/wp-content\/uploads\/2022\/02\/Linked-in-Cover-FHSE-1.png","type":"image\/png"}],"twitter_card":"summary_large_image","schema":{"@context":"https:\/\/schema.org","@graph":[{"@type":"WebPage","@id":"https:\/\/fondationhopitalsainteustache.com\/en\/foire-aux-questions\/","url":"https:\/\/fondationhopitalsainteustache.com\/en\/foire-aux-questions\/","name":"Foire aux questions | Fondation Hopital Saint-Eustache","isPartOf":{"@id":"https:\/\/fondationhopitalsainteustache.com\/#website"},"datePublished":"2023-05-25T13:49:24+00:00","dateModified":"2026-01-15T20:56:48+00:00","breadcrumb":{"@id":"https:\/\/fondationhopitalsainteustache.com\/en\/foire-aux-questions\/#breadcrumb"},"inLanguage":"en-US","potentialAction":[{"@type":"ReadAction","target":["https:\/\/fondationhopitalsainteustache.com\/en\/foire-aux-questions\/"]}]},{"@type":"BreadcrumbList","@id":"https:\/\/fondationhopitalsainteustache.com\/en\/foire-aux-questions\/#breadcrumb","itemListElement":[{"@type":"ListItem","position":1,"name":"Home","item":"https:\/\/fondationhopitalsainteustache.com\/en\/"},{"@type":"ListItem","position":2,"name":"Foire aux questions"}]},{"@type":"WebSite","@id":"https:\/\/fondationhopitalsainteustache.com\/#website","url":"https:\/\/fondationhopitalsainteustache.com\/","name":"Fondation Hopital Saint-Eustache","description":"","potentialAction":[{"@type":"SearchAction","target":{"@type":"EntryPoint","urlTemplate":"https:\/\/fondationhopitalsainteustache.com\/?s={search_term_string}"},"query-input":{"@type":"PropertyValueSpecification","valueRequired":true,"valueName":"search_term_string"}}],"inLanguage":"en-US"}]}},"_links":{"self":[{"href":"https:\/\/fondationhopitalsainteustache.com\/en\/wp-json\/wp\/v2\/pages\/4267","targetHints":{"allow":["GET"]}}],"collection":[{"href":"https:\/\/fondationhopitalsainteustache.com\/en\/wp-json\/wp\/v2\/pages"}],"about":[{"href":"https:\/\/fondationhopitalsainteustache.com\/en\/wp-json\/wp\/v2\/types\/page"}],"author":[{"embeddable":true,"href":"https:\/\/fondationhopitalsainteustache.com\/en\/wp-json\/wp\/v2\/users\/1"}],"replies":[{"embeddable":true,"href":"https:\/\/fondationhopitalsainteustache.com\/en\/wp-json\/wp\/v2\/comments?post=4267"}],"version-history":[{"count":2,"href":"https:\/\/fondationhopitalsainteustache.com\/en\/wp-json\/wp\/v2\/pages\/4267\/revisions"}],"predecessor-version":[{"id":16806,"href":"https:\/\/fondationhopitalsainteustache.com\/en\/wp-json\/wp\/v2\/pages\/4267\/revisions\/16806"}],"wp:attachment":[{"href":"https:\/\/fondationhopitalsainteustache.com\/en\/wp-json\/wp\/v2\/media?parent=4267"}],"curies":[{"name":"wp","href":"https:\/\/api.w.org\/{rel}","templated":true}]}}