{"id":14733,"date":"2025-07-31T10:38:26","date_gmt":"2025-07-31T14:38:26","guid":{"rendered":"https:\/\/fondationhopitalsainteustache.com\/rapports-annuels\/"},"modified":"2026-04-28T15:13:27","modified_gmt":"2026-04-28T19:13:27","slug":"rapports-annuels","status":"publish","type":"page","link":"https:\/\/fondationhopitalsainteustache.com\/en\/rapports-annuels\/","title":{"rendered":"Annual Reports"},"content":{"rendered":"\n<div class=\"wp-block-group is-layout-constrained wp-block-group-is-layout-constrained\">\n<div class=\"wp-block-media-text is-stacked-on-mobile\" style=\"grid-template-columns:26% auto\"><figure class=\"wp-block-media-text__media\"><a href=\"https:\/\/fondationhopitalsainteustache.com\/wp-content\/uploads\/2025\/06\/Rapport-annuel-2024-2.pdf\"><img decoding=\"async\" width=\"545\" height=\"705\" src=\"https:\/\/fondationhopitalsainteustache.com\/wp-content\/uploads\/2026\/04\/Page-couverture-545x705.png\" alt=\"\" class=\"wp-image-18201 size-full\" srcset=\"https:\/\/fondationhopitalsainteustache.com\/wp-content\/uploads\/2026\/04\/Page-couverture-545x705.png 545w, https:\/\/fondationhopitalsainteustache.com\/wp-content\/uploads\/2026\/04\/Page-couverture-170x220.png 170w, https:\/\/fondationhopitalsainteustache.com\/wp-content\/uploads\/2026\/04\/Page-couverture-768x994.png 768w, https:\/\/fondationhopitalsainteustache.com\/wp-content\/uploads\/2026\/04\/Page-couverture-1187x1536.png 1187w, https:\/\/fondationhopitalsainteustache.com\/wp-content\/uploads\/2026\/04\/Page-couverture-139x180.png 139w, https:\/\/fondationhopitalsainteustache.com\/wp-content\/uploads\/2026\/04\/Page-couverture.png 1484w\" sizes=\"(max-width: 545px) 100vw, 545px\" \/><\/a><\/figure><div class=\"wp-block-media-text__content\">\n<h2 class=\"wp-block-heading\"><strong><strong>A 2025 Year Focused on Action and Tangible Results<\/strong><\/strong><\/h2>\n\n\n\n<p>2025 was a landmark year for the Fondation H\u00f4pital Saint-Eustache, driven by the generosity of the community and the strength of our partnerships. Together, we continued our mission with determination to improve the quality of care offered in the region.<\/p>\n\n\n\n<p>Highlights:<\/p>\n\n\n\n<ul class=\"wp-block-list\">\n<li>$437,000 committed to the purchase of equipment benefiting the Hospital; <\/li>\n\n\n\n<li>$253,275 disbursed to the CISSS des Laurentides to fulfill our commitments; <\/li>\n\n\n\n<li>Launch of a new monthly feature on Leveil.com, showcasing the Foundation\u2019s impact and initiatives; <\/li>\n\n\n\n<li>A successful charitable trip that generated strong enthusiasm and helped fund an optical microscope for Hemato-oncology; <\/li>\n\n\n\n<li>Community events that broke all fundraising records.<\/li>\n<\/ul>\n\n\n\n<p>To explore all of our 2025 achievements \u2014 including projects, tangible outcomes, and key moments \u2014 consult our full annual report!<\/p>\n\n\n\n<div style=\"height:13px\" aria-hidden=\"true\" class=\"wp-block-spacer\"><\/div>\n\n\n\n<div class=\"wp-block-buttons is-layout-flex wp-block-buttons-is-layout-flex\">\n<div class=\"wp-block-button\"><a class=\"wp-block-button__link wp-element-button\" href=\"https:\/\/fondationhopitalsainteustache.com\/wp-content\/uploads\/2026\/04\/Rapport-annuel-2025_compresse-1.pdf\">2025 Annual report<\/a><\/div>\n<\/div>\n<\/div><\/div>\n<\/div>\n\n\n\n<div style=\"height:59px\" aria-hidden=\"true\" class=\"wp-block-spacer\"><\/div>\n\n\n\n<h1 class=\"wp-block-heading has-text-align-center\"><strong><strong>Explore our annual reports from past years<\/strong><\/strong><\/h1>\n\n\n\n<div class=\"wp-block-media-text is-stacked-on-mobile\" style=\"grid-template-columns:26% auto\"><figure class=\"wp-block-media-text__media\"><a href=\"https:\/\/fondationhopitalsainteustache.com\/wp-content\/uploads\/2025\/06\/Rapport-annuel-2024-2.pdf\"><img decoding=\"async\" width=\"545\" height=\"705\" src=\"https:\/\/fondationhopitalsainteustache.com\/wp-content\/uploads\/2025\/07\/Rapport-annuel-2024-8.5-x-11-po-1-545x705.png\" alt=\"rapport annuel 2024 Fondation H\u00f4pital Saint-Eustache\" class=\"wp-image-14681 size-full\" srcset=\"https:\/\/fondationhopitalsainteustache.com\/wp-content\/uploads\/2025\/07\/Rapport-annuel-2024-8.5-x-11-po-1-545x705.png 545w, https:\/\/fondationhopitalsainteustache.com\/wp-content\/uploads\/2025\/07\/Rapport-annuel-2024-8.5-x-11-po-1-170x220.png 170w, https:\/\/fondationhopitalsainteustache.com\/wp-content\/uploads\/2025\/07\/Rapport-annuel-2024-8.5-x-11-po-1-768x994.png 768w, https:\/\/fondationhopitalsainteustache.com\/wp-content\/uploads\/2025\/07\/Rapport-annuel-2024-8.5-x-11-po-1-1186x1536.png 1186w, https:\/\/fondationhopitalsainteustache.com\/wp-content\/uploads\/2025\/07\/Rapport-annuel-2024-8.5-x-11-po-1-139x180.png 139w, https:\/\/fondationhopitalsainteustache.com\/wp-content\/uploads\/2025\/07\/Rapport-annuel-2024-8.5-x-11-po-1.png 1483w\" sizes=\"(max-width: 545px) 100vw, 545px\" \/><\/a><\/figure><div class=\"wp-block-media-text__content\">\n<h2 class=\"wp-block-heading\"><strong><strong>2024 Annual Report: reflecting on a memorable year<\/strong><\/strong><\/h2>\n\n\n\n<p>2024 proved to be another exceptional year for the Fondation H\u00f4pital Saint-Eustache. Thanks to your generosity and our shared commitment, we have made great strides in improving healthcare services in our community.<\/p>\n\n\n\n<p>Highlights:<\/p>\n\n\n\n<ul class=\"wp-block-list\">\n<li>Winner of the Non-Profit Organization of the Year Award at the Stellar Gala hosted by the Th\u00e9r\u00e8se-De&nbsp;Blainville Chamber of Commerce and Industry (CCITB);<\/li>\n\n\n\n<li>Opening of the Nuclear Medicine Department in September;<\/li>\n\n\n\n<li>$263,045 allocated for equipment purchase;<\/li>\n\n\n\n<li>$985,529 was paid to the CISSS des&nbsp;Laurentides to fulfill our obligations.<\/li>\n<\/ul>\n\n\n\n<p>Explore our complete annual report to see all our achievements in 2024\u2014including key events, measurable results, community activities, and donations!e 2024 \u2014 Key events, tangible outcomes, community activities, and donations \u2014 explore our full annual report!<br><\/p>\n\n\n\n<div style=\"height:13px\" aria-hidden=\"true\" class=\"wp-block-spacer\"><\/div>\n\n\n\n<div class=\"wp-block-buttons is-layout-flex wp-block-buttons-is-layout-flex\">\n<div class=\"wp-block-button\"><a class=\"wp-block-button__link wp-element-button\" href=\"https:\/\/fondationhopitalsainteustache.com\/wp-content\/uploads\/2026\/04\/Rapport-annuel-2024.pdf\">2024 Annual report<\/a><\/div>\n<\/div>\n<\/div><\/div>\n\n\n\n<div style=\"height:80px\" aria-hidden=\"true\" class=\"wp-block-spacer\"><\/div>\n\n\n\n<div class=\"wp-block-media-text has-media-on-the-right is-stacked-on-mobile\" style=\"grid-template-columns:auto 26%\"><div class=\"wp-block-media-text__content\">\n<h2 class=\"wp-block-heading\"><strong>2023 Annual Report: Highlighting a year of achievements and transformations<\/strong><\/h2>\n\n\n\n<p>Our 2023 annual report showcases a year of accomplishments and changes. In 2023, the Fondation had a pivotal year, marked by a refreshed image, new milestones, and the ongoing goal of enhancing the quality of care at Saint-Eustache Hospital.<\/p>\n\n\n\n<p>Highlights:<\/p>\n\n\n\n<ul class=\"wp-block-list\">\n<li>Unveiling our refreshed visual identity, including a new logo and the launch of our redesigned website.<\/li>\n\n\n\n<li>Our events led to a significant increase in net profits, setting new records.<\/li>\n\n\n\n<li>$724,040 allocated for equipment purchase;<\/li>\n\n\n\n<li>$522,328 paid to the CISSS des&nbsp;Laurentides to fulfill our commitments.<\/li>\n<\/ul>\n\n\n\n<p>Check out the highlights of 2023: community activities, acts of kindness, and real efforts for Saint-Eustache Hospital\u2026 Discover our annual report to learn more!<\/p>\n\n\n\n<div style=\"height:16px\" aria-hidden=\"true\" class=\"wp-block-spacer\"><\/div>\n\n\n\n<div class=\"wp-block-buttons is-layout-flex wp-block-buttons-is-layout-flex\">\n<div class=\"wp-block-button\"><a class=\"wp-block-button__link wp-element-button\" href=\"https:\/\/fondationhopitalsainteustache.com\/wp-content\/uploads\/2024\/04\/Rapport-Annuel-2023_FHSE_VF_compresse.pdf\">2023 Annual report<\/a><\/div>\n<\/div>\n<\/div><figure class=\"wp-block-media-text__media\"><a href=\"https:\/\/fondationhopitalsainteustache.com\/wp-content\/uploads\/2024\/04\/Rapport-Annuel-2023_FHSE_VF_compresse.pdf\"><img decoding=\"async\" width=\"545\" height=\"705\" src=\"https:\/\/fondationhopitalsainteustache.com\/wp-content\/uploads\/2025\/07\/Rapport-Annuel-2023_FHSE_8.5x11po-2-545x705.png\" alt=\"rapport annuel 2023 Fondation H\u00f4pital Saint-Eustache\" class=\"wp-image-14700 size-full\" srcset=\"https:\/\/fondationhopitalsainteustache.com\/wp-content\/uploads\/2025\/07\/Rapport-Annuel-2023_FHSE_8.5x11po-2-545x705.png 545w, https:\/\/fondationhopitalsainteustache.com\/wp-content\/uploads\/2025\/07\/Rapport-Annuel-2023_FHSE_8.5x11po-2-170x220.png 170w, https:\/\/fondationhopitalsainteustache.com\/wp-content\/uploads\/2025\/07\/Rapport-Annuel-2023_FHSE_8.5x11po-2-768x994.png 768w, https:\/\/fondationhopitalsainteustache.com\/wp-content\/uploads\/2025\/07\/Rapport-Annuel-2023_FHSE_8.5x11po-2-1186x1536.png 1186w, https:\/\/fondationhopitalsainteustache.com\/wp-content\/uploads\/2025\/07\/Rapport-Annuel-2023_FHSE_8.5x11po-2-139x180.png 139w, https:\/\/fondationhopitalsainteustache.com\/wp-content\/uploads\/2025\/07\/Rapport-Annuel-2023_FHSE_8.5x11po-2.png 1483w\" sizes=\"(max-width: 545px) 100vw, 545px\" \/><\/a><\/figure><\/div>\n\n\n\n<div style=\"height:21px\" aria-hidden=\"true\" class=\"wp-block-spacer\"><\/div>\n\n\n\n<div class=\"wp-block-media-text is-stacked-on-mobile\" style=\"grid-template-columns:26% auto\"><figure class=\"wp-block-media-text__media\"><a href=\"https:\/\/fondationhopitalsainteustache.com\/wp-content\/uploads\/2025\/07\/Rapport_annuel_2022_Fondation-Hopital-Saint-Eustache.pdf\"><img decoding=\"async\" width=\"545\" height=\"705\" src=\"https:\/\/fondationhopitalsainteustache.com\/wp-content\/uploads\/2025\/07\/RapportAnnuel-2022_FHSE-8.5x11po-545x705.png\" alt=\"rapport annuel 2022 Fondation H\u00f4pital Saint-Eustache\" class=\"wp-image-14719 size-full\" srcset=\"https:\/\/fondationhopitalsainteustache.com\/wp-content\/uploads\/2025\/07\/RapportAnnuel-2022_FHSE-8.5x11po-545x705.png 545w, https:\/\/fondationhopitalsainteustache.com\/wp-content\/uploads\/2025\/07\/RapportAnnuel-2022_FHSE-8.5x11po-170x220.png 170w, https:\/\/fondationhopitalsainteustache.com\/wp-content\/uploads\/2025\/07\/RapportAnnuel-2022_FHSE-8.5x11po-768x994.png 768w, https:\/\/fondationhopitalsainteustache.com\/wp-content\/uploads\/2025\/07\/RapportAnnuel-2022_FHSE-8.5x11po-1186x1536.png 1186w, https:\/\/fondationhopitalsainteustache.com\/wp-content\/uploads\/2025\/07\/RapportAnnuel-2022_FHSE-8.5x11po-139x180.png 139w, https:\/\/fondationhopitalsainteustache.com\/wp-content\/uploads\/2025\/07\/RapportAnnuel-2022_FHSE-8.5x11po.png 1483w\" sizes=\"(max-width: 545px) 100vw, 545px\" \/><\/a><\/figure><div class=\"wp-block-media-text__content\">\n<h2 class=\"wp-block-heading\"><strong>2022 Annual Report: Demonstrating Solidarity and Resilience in Action<\/strong><\/h2>\n\n\n\n<p>In 2022, despite the challenges of post-pandemic recovery, the Fondation carried on its mission with dedication. Thanks to the community\u2019s efforts, the year featured projects that made a meaningful impact in our community.<\/p>\n\n\n\n<p>Highlights:<\/p>\n\n\n\n<ul class=\"wp-block-list\">\n<li>Return of in-person fundraising events;<\/li>\n\n\n\n<li>60th anniversary of the Saint-Eustache Hospital;<\/li>\n\n\n\n<li>$310,000 allocated for equipment purchase;<\/li>\n\n\n\n<li>$119,980 paid to the CISSS des&nbsp;Laurentides to fulfill our commitments.<\/li>\n<\/ul>\n\n\n\n<p>Take a look at our 2022 annual report for a comprehensive review of this year marked by resilience, innovation, and generosity..<\/p>\n\n\n\n<div style=\"height:15px\" aria-hidden=\"true\" class=\"wp-block-spacer\"><\/div>\n\n\n\n<div class=\"wp-block-buttons is-layout-flex wp-block-buttons-is-layout-flex\">\n<div class=\"wp-block-button\"><a class=\"wp-block-button__link wp-element-button\" href=\"https:\/\/fondationhopitalsainteustache.com\/wp-content\/uploads\/2025\/07\/Rapport_annuel_2022_Fondation-Hopital-Saint-Eustache.pdf\">2022 Annual report<\/a><\/div>\n<\/div>\n<\/div><\/div>\n\n\n\n<p><\/p>\n","protected":false},"excerpt":{"rendered":"<p>A 2025 Year Focused on Action and Tangible Results 2025 was a landmark year for the Fondation H\u00f4pital Saint-Eustache, driven by the generosity of the community and the strength of our partnerships. Together, we continued our mission with determination to improve the quality of care offered in the region. Highlights: To explore all of our &hellip; <a href=\"https:\/\/fondationhopitalsainteustache.com\/en\/rapports-annuels\/\">Continued<\/a><\/p>\n","protected":false},"author":4,"featured_media":0,"parent":0,"menu_order":0,"comment_status":"closed","ping_status":"closed","template":"","meta":{"_acf_changed":false,"inline_featured_image":false,"footnotes":""},"class_list":["post-14733","page","type-page","status-publish","hentry"],"acf":[],"yoast_head":"<!-- This site is optimized with the Yoast SEO plugin v26.0 - https:\/\/yoast.com\/wordpress\/plugins\/seo\/ -->\n<title>Annual Reports | Fondation Hopital Saint-Eustache<\/title>\n<meta name=\"description\" content=\"D\u00e9couvrez le rapport annuel 2024 de la Fondation H\u00f4pital Saint-Eustache et consultez les \u00e9ditions pr\u00e9c\u00e9dentes. Vos dons font toute la diff\u00e9rence!\" \/>\n<meta name=\"robots\" content=\"index, follow, max-snippet:-1, max-image-preview:large, max-video-preview:-1\" \/>\n<link rel=\"canonical\" href=\"https:\/\/fondationhopitalsainteustache.com\/en\/rapports-annuels\/\" \/>\n<meta property=\"og:locale\" content=\"en_US\" \/>\n<meta property=\"og:type\" content=\"article\" \/>\n<meta property=\"og:title\" content=\"Annual Reports | Fondation Hopital Saint-Eustache\" \/>\n<meta property=\"og:description\" content=\"D\u00e9couvrez le rapport annuel 2024 de la Fondation H\u00f4pital Saint-Eustache et consultez les \u00e9ditions pr\u00e9c\u00e9dentes. Vos dons font toute la diff\u00e9rence!\" \/>\n<meta property=\"og:url\" content=\"https:\/\/fondationhopitalsainteustache.com\/en\/rapports-annuels\/\" \/>\n<meta property=\"og:site_name\" content=\"Fondation Hopital Saint-Eustache\" \/>\n<meta property=\"article:modified_time\" content=\"2026-04-28T19:13:27+00:00\" \/>\n<meta property=\"og:image\" content=\"https:\/\/fondationhopitalsainteustache.com\/wp-content\/uploads\/2026\/04\/Page-couverture.png\" \/>\n\t<meta property=\"og:image:width\" content=\"1484\" \/>\n\t<meta property=\"og:image:height\" content=\"1920\" \/>\n\t<meta property=\"og:image:type\" content=\"image\/png\" \/>\n<meta name=\"twitter:card\" content=\"summary_large_image\" \/>\n<meta name=\"twitter:label1\" content=\"Est. reading time\" \/>\n\t<meta name=\"twitter:data1\" content=\"4 minutes\" \/>\n<script type=\"application\/ld+json\" class=\"yoast-schema-graph\">{\"@context\":\"https:\/\/schema.org\",\"@graph\":[{\"@type\":\"WebPage\",\"@id\":\"https:\/\/fondationhopitalsainteustache.com\/en\/rapports-annuels\/\",\"url\":\"https:\/\/fondationhopitalsainteustache.com\/en\/rapports-annuels\/\",\"name\":\"Annual Reports | Fondation Hopital Saint-Eustache\",\"isPartOf\":{\"@id\":\"https:\/\/fondationhopitalsainteustache.com\/#website\"},\"primaryImageOfPage\":{\"@id\":\"https:\/\/fondationhopitalsainteustache.com\/en\/rapports-annuels\/#primaryimage\"},\"image\":{\"@id\":\"https:\/\/fondationhopitalsainteustache.com\/en\/rapports-annuels\/#primaryimage\"},\"thumbnailUrl\":\"https:\/\/fondationhopitalsainteustache.com\/wp-content\/uploads\/2026\/04\/Page-couverture-545x705.png\",\"datePublished\":\"2025-07-31T14:38:26+00:00\",\"dateModified\":\"2026-04-28T19:13:27+00:00\",\"description\":\"D\u00e9couvrez le rapport annuel 2024 de la Fondation H\u00f4pital Saint-Eustache et consultez les \u00e9ditions pr\u00e9c\u00e9dentes. Vos dons font toute la diff\u00e9rence!\",\"breadcrumb\":{\"@id\":\"https:\/\/fondationhopitalsainteustache.com\/en\/rapports-annuels\/#breadcrumb\"},\"inLanguage\":\"en-US\",\"potentialAction\":[{\"@type\":\"ReadAction\",\"target\":[\"https:\/\/fondationhopitalsainteustache.com\/en\/rapports-annuels\/\"]}]},{\"@type\":\"ImageObject\",\"inLanguage\":\"en-US\",\"@id\":\"https:\/\/fondationhopitalsainteustache.com\/en\/rapports-annuels\/#primaryimage\",\"url\":\"https:\/\/fondationhopitalsainteustache.com\/wp-content\/uploads\/2026\/04\/Page-couverture-545x705.png\",\"contentUrl\":\"https:\/\/fondationhopitalsainteustache.com\/wp-content\/uploads\/2026\/04\/Page-couverture-545x705.png\"},{\"@type\":\"BreadcrumbList\",\"@id\":\"https:\/\/fondationhopitalsainteustache.com\/en\/rapports-annuels\/#breadcrumb\",\"itemListElement\":[{\"@type\":\"ListItem\",\"position\":1,\"name\":\"Home\",\"item\":\"https:\/\/fondationhopitalsainteustache.com\/en\/\"},{\"@type\":\"ListItem\",\"position\":2,\"name\":\"Annual Reports\"}]},{\"@type\":\"WebSite\",\"@id\":\"https:\/\/fondationhopitalsainteustache.com\/#website\",\"url\":\"https:\/\/fondationhopitalsainteustache.com\/\",\"name\":\"Fondation Hopital Saint-Eustache\",\"description\":\"\",\"potentialAction\":[{\"@type\":\"SearchAction\",\"target\":{\"@type\":\"EntryPoint\",\"urlTemplate\":\"https:\/\/fondationhopitalsainteustache.com\/?s={search_term_string}\"},\"query-input\":{\"@type\":\"PropertyValueSpecification\",\"valueRequired\":true,\"valueName\":\"search_term_string\"}}],\"inLanguage\":\"en-US\"}]}<\/script>\n<!-- \/ Yoast SEO plugin. -->","yoast_head_json":{"title":"Annual Reports | Fondation Hopital Saint-Eustache","description":"D\u00e9couvrez le rapport annuel 2024 de la Fondation H\u00f4pital Saint-Eustache et consultez les \u00e9ditions pr\u00e9c\u00e9dentes. Vos dons font toute la diff\u00e9rence!","robots":{"index":"index","follow":"follow","max-snippet":"max-snippet:-1","max-image-preview":"max-image-preview:large","max-video-preview":"max-video-preview:-1"},"canonical":"https:\/\/fondationhopitalsainteustache.com\/en\/rapports-annuels\/","og_locale":"en_US","og_type":"article","og_title":"Annual Reports | Fondation Hopital Saint-Eustache","og_description":"D\u00e9couvrez le rapport annuel 2024 de la Fondation H\u00f4pital Saint-Eustache et consultez les \u00e9ditions pr\u00e9c\u00e9dentes. Vos dons font toute la diff\u00e9rence!","og_url":"https:\/\/fondationhopitalsainteustache.com\/en\/rapports-annuels\/","og_site_name":"Fondation Hopital Saint-Eustache","article_modified_time":"2026-04-28T19:13:27+00:00","og_image":[{"width":1484,"height":1920,"url":"https:\/\/fondationhopitalsainteustache.com\/wp-content\/uploads\/2026\/04\/Page-couverture.png","type":"image\/png"}],"twitter_card":"summary_large_image","twitter_misc":{"Est. reading time":"4 minutes"},"schema":{"@context":"https:\/\/schema.org","@graph":[{"@type":"WebPage","@id":"https:\/\/fondationhopitalsainteustache.com\/en\/rapports-annuels\/","url":"https:\/\/fondationhopitalsainteustache.com\/en\/rapports-annuels\/","name":"Annual Reports | Fondation Hopital Saint-Eustache","isPartOf":{"@id":"https:\/\/fondationhopitalsainteustache.com\/#website"},"primaryImageOfPage":{"@id":"https:\/\/fondationhopitalsainteustache.com\/en\/rapports-annuels\/#primaryimage"},"image":{"@id":"https:\/\/fondationhopitalsainteustache.com\/en\/rapports-annuels\/#primaryimage"},"thumbnailUrl":"https:\/\/fondationhopitalsainteustache.com\/wp-content\/uploads\/2026\/04\/Page-couverture-545x705.png","datePublished":"2025-07-31T14:38:26+00:00","dateModified":"2026-04-28T19:13:27+00:00","description":"D\u00e9couvrez le rapport annuel 2024 de la Fondation H\u00f4pital Saint-Eustache et consultez les \u00e9ditions pr\u00e9c\u00e9dentes. Vos dons font toute la diff\u00e9rence!","breadcrumb":{"@id":"https:\/\/fondationhopitalsainteustache.com\/en\/rapports-annuels\/#breadcrumb"},"inLanguage":"en-US","potentialAction":[{"@type":"ReadAction","target":["https:\/\/fondationhopitalsainteustache.com\/en\/rapports-annuels\/"]}]},{"@type":"ImageObject","inLanguage":"en-US","@id":"https:\/\/fondationhopitalsainteustache.com\/en\/rapports-annuels\/#primaryimage","url":"https:\/\/fondationhopitalsainteustache.com\/wp-content\/uploads\/2026\/04\/Page-couverture-545x705.png","contentUrl":"https:\/\/fondationhopitalsainteustache.com\/wp-content\/uploads\/2026\/04\/Page-couverture-545x705.png"},{"@type":"BreadcrumbList","@id":"https:\/\/fondationhopitalsainteustache.com\/en\/rapports-annuels\/#breadcrumb","itemListElement":[{"@type":"ListItem","position":1,"name":"Home","item":"https:\/\/fondationhopitalsainteustache.com\/en\/"},{"@type":"ListItem","position":2,"name":"Annual Reports"}]},{"@type":"WebSite","@id":"https:\/\/fondationhopitalsainteustache.com\/#website","url":"https:\/\/fondationhopitalsainteustache.com\/","name":"Fondation Hopital Saint-Eustache","description":"","potentialAction":[{"@type":"SearchAction","target":{"@type":"EntryPoint","urlTemplate":"https:\/\/fondationhopitalsainteustache.com\/?s={search_term_string}"},"query-input":{"@type":"PropertyValueSpecification","valueRequired":true,"valueName":"search_term_string"}}],"inLanguage":"en-US"}]}},"_links":{"self":[{"href":"https:\/\/fondationhopitalsainteustache.com\/en\/wp-json\/wp\/v2\/pages\/14733","targetHints":{"allow":["GET"]}}],"collection":[{"href":"https:\/\/fondationhopitalsainteustache.com\/en\/wp-json\/wp\/v2\/pages"}],"about":[{"href":"https:\/\/fondationhopitalsainteustache.com\/en\/wp-json\/wp\/v2\/types\/page"}],"author":[{"embeddable":true,"href":"https:\/\/fondationhopitalsainteustache.com\/en\/wp-json\/wp\/v2\/users\/4"}],"replies":[{"embeddable":true,"href":"https:\/\/fondationhopitalsainteustache.com\/en\/wp-json\/wp\/v2\/comments?post=14733"}],"version-history":[{"count":7,"href":"https:\/\/fondationhopitalsainteustache.com\/en\/wp-json\/wp\/v2\/pages\/14733\/revisions"}],"predecessor-version":[{"id":18211,"href":"https:\/\/fondationhopitalsainteustache.com\/en\/wp-json\/wp\/v2\/pages\/14733\/revisions\/18211"}],"wp:attachment":[{"href":"https:\/\/fondationhopitalsainteustache.com\/en\/wp-json\/wp\/v2\/media?parent=14733"}],"curies":[{"name":"wp","href":"https:\/\/api.w.org\/{rel}","templated":true}]}}